{"id":948,"date":"2025-09-12T19:12:47","date_gmt":"2025-09-12T19:12:47","guid":{"rendered":"https:\/\/deutsche-kulturgesellschaft-flensburg.de\/?page_id=948"},"modified":"2025-09-12T20:16:49","modified_gmt":"2025-09-12T20:16:49","slug":"fahrten-zur-staatsoper-hamburg-2026","status":"publish","type":"page","link":"https:\/\/deutsche-kulturgesellschaft-flensburg.de\/?page_id=948","title":{"rendered":"Fahrten zur Staatsoper Hamburg 2026"},"content":{"rendered":"\n<div class=\"wp-block-columns alignwide is-layout-flex wp-container-core-columns-is-layout-28f84493 wp-block-columns-is-layout-flex\">\n<div class=\"wp-block-column has-background is-layout-flow wp-block-column-is-layout-flow\" style=\"border-radius:25px;background-color:#ffffffab;padding-top:var(--wp--preset--spacing--20);padding-right:var(--wp--preset--spacing--30);padding-bottom:var(--wp--preset--spacing--20);padding-left:var(--wp--preset--spacing--30)\">\n<div style=\"height:10px\" aria-hidden=\"true\" class=\"wp-block-spacer\"><\/div>\n\n\n\n<p class=\"has-text-align-center\" style=\"font-size:clamp(0.984rem, 0.984rem + ((1vw - 0.2rem) * 0.86), 1.5rem);font-style:normal;font-weight:700\">In bew\u00e4hrter Kooperation mit dem Verein der Musikfreunde Flensburg bieten wir den Mitgliedern der Deutschen Kulturgesellschaft die M\u00f6glichkeit zum Besuch der Hamburger Staatsoper. <br><br>Unsere Wahl ist auf \u201ePique Dame\u201c von Peter Tschaikowsky gefallen. <br>Die Auff\u00fchrung findet am Sonntag, 1. M\u00e4rz 2026 nachmittags statt.<br>In nur gut vierzig Tagen hat Tschaikowsky diese Oper nach einer gleichnamigen Erz\u00e4hlung von<br>Alexander Puschkin in Florenz komponiert. Sie beleuchtet die Brutalit\u00e4t einer Gesellschaft, <br>in der sich der Wert eines Menschen an seinem finanziellen Status bemisst. <br>Der mittellose Hermann verliebt sich in Lisa, einer Frau der Sankt Petersburger Oberschicht. <br>Durch Versuche, am Spieltisch Erfolge zu erzielen, verliert er die Kontrolle <br>und wird schlie\u00dflich Opfer seiner Spielsucht und seiner verzweifelten Liebe.<br><br>Am 24. Juni besuchen wir im Rahmen der Hamburger Balletttage eine Wiederaufnahme des<br>genialen Balletts \u201eNijinsky\u201c, das John Neumeier im Jahr 2000 choreografiert hat. Es ist dem T\u00e4nzer<br>Vaslav Nijinsky gewidmet, der einst als \u201eGott des Tanzes\u201c verehrt wurde.<br>Zu beiden Veranstaltungen wird Dr. Bielefeld im Bus eine Werkeinf\u00fchrung geben.<\/p>\n\n\n\n<p class=\"has-text-align-center\" style=\"font-size:clamp(1.25rem, 1.25rem + ((1vw - 0.2rem) * 1.25), 2rem);font-style:normal;font-weight:500\">Kartenbestellung: <br>Firma Neubauer Touristik, Marie-Curie-Ring 39, <br>Tel. 0461\/141850 <br>E-Mail: info@neubauer-reisen.de<\/p>\n\n\n\n<div style=\"height:10px\" aria-hidden=\"true\" class=\"wp-block-spacer\"><\/div>\n\n\n\n<div style=\"height:10px\" aria-hidden=\"true\" class=\"wp-block-spacer\"><\/div>\n\n\n<h2 class=\"wp-block-heading\" style=\"font-style:normal;font-weight:700\" id=\"pique-dame\">Pique Dame<\/h2>\n\n\n<p style=\"font-size:clamp(0.875rem, 0.875rem + ((1vw - 0.2rem) * 0.708), 1.3rem);font-style:normal;font-weight:700\">Sonntag 01.03.26<\/p>\n\n\n\n<p style=\"font-size:clamp(0.875rem, 0.875rem + ((1vw - 0.2rem) * 0.708), 1.3rem);font-style:normal;font-weight:700\">Oper von Peter I. Tschaikowsky<br>Abfahrt Betriebshof Neubauer: 11.00 Uhr<\/p>\n\n\n\n<div style=\"height:10px\" aria-hidden=\"true\" class=\"wp-block-spacer\"><\/div>\n\n\n\n<hr class=\"wp-block-separator alignwide has-alpha-channel-opacity is-style-wide\"\/>\n\n\n\n<div style=\"height:10px\" aria-hidden=\"true\" class=\"wp-block-spacer\"><\/div>\n\n\n<h2 class=\"wp-block-heading\" style=\"font-style:normal;font-weight:700\" id=\"nijinsky\">Nijinsky<\/h2>\n\n\n<p style=\"font-size:clamp(0.875rem, 0.875rem + ((1vw - 0.2rem) * 0.708), 1.3rem);font-style:normal;font-weight:700\">Sonntag 24.06.26<br><br>Wiederaufnahme eines Balletts von John Neumeier<br>Abfahrt Betriebshof Neubauer: 14.00 Uhr<\/p>\n\n\n\n<div style=\"height:10px\" aria-hidden=\"true\" class=\"wp-block-spacer\"><\/div>\n<\/div>\n<\/div>\n","protected":false},"excerpt":{"rendered":"<p>In bew\u00e4hrter Kooperation mit dem Verein der Musikfreunde Flensburg bieten wir den Mitgliedern der Deutschen Kulturgesellschaft die M\u00f6glichkeit zum Besuch der Hamburger Staatsoper. Unsere Wahl ist auf \u201ePique Dame\u201c von Peter Tschaikowsky gefallen. Die Auff\u00fchrung findet am Sonntag, 1. M\u00e4rz 2026 nachmittags statt.In nur gut vierzig Tagen hat Tschaikowsky diese Oper nach einer gleichnamigen Erz\u00e4hlung [&hellip;]<\/p>\n","protected":false},"author":1,"featured_media":0,"parent":616,"menu_order":0,"comment_status":"closed","ping_status":"closed","template":"","meta":{"footnotes":""},"class_list":["post-948","page","type-page","status-publish","hentry"],"jetpack_sharing_enabled":true,"_links":{"self":[{"href":"https:\/\/deutsche-kulturgesellschaft-flensburg.de\/index.php?rest_route=\/wp\/v2\/pages\/948","targetHints":{"allow":["GET"]}}],"collection":[{"href":"https:\/\/deutsche-kulturgesellschaft-flensburg.de\/index.php?rest_route=\/wp\/v2\/pages"}],"about":[{"href":"https:\/\/deutsche-kulturgesellschaft-flensburg.de\/index.php?rest_route=\/wp\/v2\/types\/page"}],"author":[{"embeddable":true,"href":"https:\/\/deutsche-kulturgesellschaft-flensburg.de\/index.php?rest_route=\/wp\/v2\/users\/1"}],"replies":[{"embeddable":true,"href":"https:\/\/deutsche-kulturgesellschaft-flensburg.de\/index.php?rest_route=%2Fwp%2Fv2%2Fcomments&post=948"}],"version-history":[{"count":2,"href":"https:\/\/deutsche-kulturgesellschaft-flensburg.de\/index.php?rest_route=\/wp\/v2\/pages\/948\/revisions"}],"predecessor-version":[{"id":981,"href":"https:\/\/deutsche-kulturgesellschaft-flensburg.de\/index.php?rest_route=\/wp\/v2\/pages\/948\/revisions\/981"}],"up":[{"embeddable":true,"href":"https:\/\/deutsche-kulturgesellschaft-flensburg.de\/index.php?rest_route=\/wp\/v2\/pages\/616"}],"wp:attachment":[{"href":"https:\/\/deutsche-kulturgesellschaft-flensburg.de\/index.php?rest_route=%2Fwp%2Fv2%2Fmedia&parent=948"}],"curies":[{"name":"wp","href":"https:\/\/api.w.org\/{rel}","templated":true}]}}