{"id":613,"date":"2024-08-17T17:08:20","date_gmt":"2024-08-17T17:08:20","guid":{"rendered":"https:\/\/deutsche-kulturgesellschaft-flensburg.de\/?page_id=613"},"modified":"2025-12-28T19:50:45","modified_gmt":"2025-12-28T19:50:45","slug":"home","status":"publish","type":"page","link":"https:\/\/deutsche-kulturgesellschaft-flensburg.de\/","title":{"rendered":"Willkommen"},"content":{"rendered":"\n<div class=\"wp-block-columns alignwide has-background is-layout-flex wp-container-core-columns-is-layout-28f84493 wp-block-columns-is-layout-flex\" style=\"border-radius:25px;background-color:#ffffffab\">\n<div class=\"wp-block-column is-layout-flow wp-block-column-is-layout-flow\">\n<div style=\"height:10px\" aria-hidden=\"true\" class=\"wp-block-spacer\"><\/div>\n\n\n\n<p style=\"border-radius:25px;padding-top:var(--wp--preset--spacing--10);padding-right:var(--wp--preset--spacing--20);padding-bottom:var(--wp--preset--spacing--10);padding-left:var(--wp--preset--spacing--20);font-size:clamp(0.875rem, 0.875rem + ((1vw - 0.2rem) * 0.708), 1.3rem);font-style:normal;font-weight:700\">Vielen Dank, dass Sie die Internetseite der<br>Deutschen Kulturgesellschaft Flensburg besuchen!<br><br>Seit 1947 ist die Deutsche Kulturgesellschaft Flensburg ein fester Bestandteil des kulturellen Lebens unserer Stadt. Die Gr\u00fcndung und damit die Betonung des Namens Deutsche Kulturgesellschaft h\u00e4ngt mit den historischen Umst\u00e4nden der Nachkriegszeit zusammen, als die d\u00e4nische Bewegung in Landesteil Schleswig einen starken Zuwachs erhielt. Die Gr\u00fcnder der Gesellschaft wollten dem ein deutschgepr\u00e4gtes Kulturleben gegen\u00fcberstellen.<br>Dieser Gegensatz ist l\u00e4ngst Geschichte. Schon seit Jahrzehnten ist das Programm der Deutschen Kulturgesellschaft sowohl ein f\u00fcr alle Seiten offenes, als auch in der Themenvielfalt weitgespanntes Angebot.<br><br>\u00dcber 450 Mitglieder z\u00e4hlt die Deutsche Kulturgesellschaft Flensburg. Sie bietet ihren Mitgliedern, aber auch G\u00e4sten, die jederzeit willkommen sind, ein vielf\u00e4ltiges Vortragsangebot im Winterhalbjahr. Vier Vortragsreihen bieten ein thematisch unterschiedliches und reichhaltiges Angebot.<br><br>Die Abendvortr\u00e4ge (jeweils an Donnerstagen) bieten Themen aus allen m\u00f6glichen Wissensgebieten an und werden zu einem gro\u00dfen Teil in Kooperation mit der Universit\u00e4tsgesellschaft Schleswig-Holstein (SHUG) durchgef\u00fchrt.<br>An eine lange Tradition im Haus Sophiesminde kn\u00fcpfen die Sophiesminder Nachmittage <br>(jeweils am Mittwoch an), die schon l\u00e4ngst im &#8222;Turners&#8220; im TSB-Heim Eckerner Stra\u00dfe einen neuen Veranstaltungsort gefunden haben. Hier werden allgemeine kulturelle Vortr\u00e4ge, Reiseberichte und <br>Vortr\u00e4ge z.B. zur Stadtgeschichte angeboten.<br>Die Musischen Nachmittage im Kloster (jeweils an Dienstagen) sind von Vortr\u00e4gen zu vielerlei musisch-kulturellen Themen gepr\u00e4gt, sind aber auch durchaus aktuell.<br>Mit Fragen zur regionalen Geschichte und Kultur besch\u00e4ftigen sich die Schleswigschen <br>Gespr\u00e4che \u2013 deutsch-d\u00e4nische Begegnungen (jeweils an Montagen), die Themen aus dem <br>gesamten Gebiet des ehemaligen Herzogtums Schleswig, historisch und aktuell behandeln.<br><br>Im Sommerhalbjahr stehen KulTouren auf dem Programm. Hier m\u00fcssen aus vereins- und versicherungsrechtlichen Gr\u00fcnden die Teilnehmer Mitglieder der Kulturgesellschaft sein. Im Angebot sind mehrt\u00e4gige Kulturreisen innerhalb Deutschlands und teilweise dar\u00fcber hinaus sowie eine Reihe von ganzt\u00e4gigen und halbt\u00e4gigen Kulturfahrten, die durch die gr\u00fcndliche, ehrenamtliche Vorbereitung durch Mitglieder des Vorstandes der DKG zu KulTouren werden.<\/p>\n\n\n\n<div style=\"height:10px\" aria-hidden=\"true\" class=\"wp-block-spacer\"><\/div>\n<\/div>\n<\/div>\n\n\n\n<div class=\"wp-block-columns alignwide has-background is-layout-flex wp-container-core-columns-is-layout-28f84493 wp-block-columns-is-layout-flex\" style=\"border-radius:25px;background-color:#ffffffab\">\n<div class=\"wp-block-column is-layout-flow wp-block-column-is-layout-flow\">\n<div style=\"height:10px\" aria-hidden=\"true\" class=\"wp-block-spacer\"><\/div>\n\n\n\n<div class=\"wp-block-buttons is-content-justification-center is-layout-flex wp-container-core-buttons-is-layout-a89b3969 wp-block-buttons-is-layout-flex\">\n<div class=\"wp-block-button has-custom-width wp-block-button__width-100\"><a class=\"wp-block-button__link has-contrast-color has-text-color has-background has-link-color has-border-color has-base-2-border-color has-x-large-font-size has-custom-font-size wp-element-button\" href=\"https:\/\/deutsche-kulturgesellschaft-flensburg.de\/?page_id=626\" style=\"border-width:3px;border-top-left-radius:25px;border-top-right-radius:25px;border-bottom-left-radius:25px;border-bottom-right-radius:25px;background-color:#fafafa47\">Mitgliederversammlung<\/a><\/div>\n<\/div>\n\n\n\n<div style=\"height:10px\" aria-hidden=\"true\" class=\"wp-block-spacer\"><\/div>\n<\/div>\n<\/div>\n\n\n\n<div class=\"wp-block-columns alignwide has-background is-layout-flex wp-container-core-columns-is-layout-28f84493 wp-block-columns-is-layout-flex\" style=\"border-radius:25px;background-color:#ffffffab\">\n<div class=\"wp-block-column is-layout-flow wp-block-column-is-layout-flow\">\n<div style=\"height:10px\" aria-hidden=\"true\" class=\"wp-block-spacer\"><\/div>\n\n\n\n<h2 id=\"moechten-sie-mitglied-werden\" class=\"wp-block-heading\">M\u00f6chten Sie Mitglied werden?<\/h2>\n\n\n\n<p style=\"border-radius:25px;padding-top:var(--wp--preset--spacing--10);padding-right:var(--wp--preset--spacing--20);padding-bottom:var(--wp--preset--spacing--10);padding-left:var(--wp--preset--spacing--20);font-size:clamp(0.875rem, 0.875rem + ((1vw - 0.2rem) * 0.708), 1.3rem);font-style:normal;font-weight:700\">Das freut uns, bitte wenden Sie sich an:<br>Frau Inge Kr\u00e4mer<br>Wiesengrund 39<br>24976 Handewitt<br>E-Mail: info@flenskultur.de<br>Tel.: 04630\u20134969590 (Mo \u2013 Fr)<br>Internet: www.deutsche-kulturgesellschaft-flensburg.de<br><\/p>\n\n\n\n<p style=\"border-radius:25px;padding-top:var(--wp--preset--spacing--10);padding-right:var(--wp--preset--spacing--20);padding-bottom:var(--wp--preset--spacing--10);padding-left:var(--wp--preset--spacing--20);font-size:clamp(0.875rem, 0.875rem + ((1vw - 0.2rem) * 0.708), 1.3rem);font-style:normal;font-weight:700\">Der Jahresbeitrag betr\u00e4gt f\u00fcr Einzelpersonen<br>36,00 Euro, f\u00fcr Paare\/Familien 60,00 Euro<br>Sch\u00fcler, Studenten und B\u00fcrgergeldempf\u00e4nger k\u00f6nnen<br>gegen Vorlage einer Bescheinigung kostenfrei<br>Mitglied werden.<br>Der Besuch der Vortr\u00e4ge ist f\u00fcr Mitglieder kostenfrei.<br>G\u00e4ste bezahlen 4 Euro\/Vortrag.<br>Sch\u00fcler, Studenten und B\u00fcrgergeldempf\u00e4nger haben<br>gegen Vorlage einer Bescheinigung freien Zutritt zu<br>den Vortr\u00e4gen.<\/p>\n\n\n\n<div style=\"height:10px\" aria-hidden=\"true\" class=\"wp-block-spacer\"><\/div>\n<\/div>\n<\/div>\n","protected":false},"excerpt":{"rendered":"<p>Vielen Dank, dass Sie die Internetseite derDeutschen Kulturgesellschaft Flensburg besuchen! Seit 1947 ist die Deutsche Kulturgesellschaft Flensburg ein fester Bestandteil des kulturellen Lebens unserer Stadt. Die Gr\u00fcndung und damit die Betonung des Namens Deutsche Kulturgesellschaft h\u00e4ngt mit den historischen Umst\u00e4nden der Nachkriegszeit zusammen, als die d\u00e4nische Bewegung in Landesteil Schleswig einen starken Zuwachs erhielt. Die [&hellip;]<\/p>\n","protected":false},"author":1,"featured_media":0,"parent":0,"menu_order":0,"comment_status":"closed","ping_status":"closed","template":"","meta":{"footnotes":""},"class_list":["post-613","page","type-page","status-publish","hentry"],"jetpack_sharing_enabled":true,"_links":{"self":[{"href":"https:\/\/deutsche-kulturgesellschaft-flensburg.de\/index.php?rest_route=\/wp\/v2\/pages\/613","targetHints":{"allow":["GET"]}}],"collection":[{"href":"https:\/\/deutsche-kulturgesellschaft-flensburg.de\/index.php?rest_route=\/wp\/v2\/pages"}],"about":[{"href":"https:\/\/deutsche-kulturgesellschaft-flensburg.de\/index.php?rest_route=\/wp\/v2\/types\/page"}],"author":[{"embeddable":true,"href":"https:\/\/deutsche-kulturgesellschaft-flensburg.de\/index.php?rest_route=\/wp\/v2\/users\/1"}],"replies":[{"embeddable":true,"href":"https:\/\/deutsche-kulturgesellschaft-flensburg.de\/index.php?rest_route=%2Fwp%2Fv2%2Fcomments&post=613"}],"version-history":[{"count":18,"href":"https:\/\/deutsche-kulturgesellschaft-flensburg.de\/index.php?rest_route=\/wp\/v2\/pages\/613\/revisions"}],"predecessor-version":[{"id":1104,"href":"https:\/\/deutsche-kulturgesellschaft-flensburg.de\/index.php?rest_route=\/wp\/v2\/pages\/613\/revisions\/1104"}],"wp:attachment":[{"href":"https:\/\/deutsche-kulturgesellschaft-flensburg.de\/index.php?rest_route=%2Fwp%2Fv2%2Fmedia&parent=613"}],"curies":[{"name":"wp","href":"https:\/\/api.w.org\/{rel}","templated":true}]}}