{"id":1126,"date":"2026-04-10T19:55:44","date_gmt":"2026-04-10T19:55:44","guid":{"rendered":"https:\/\/deutsche-kulturgesellschaft-flensburg.de\/?page_id=1126"},"modified":"2026-04-10T20:55:40","modified_gmt":"2026-04-10T20:55:40","slug":"mehrtages-kultouren","status":"publish","type":"page","link":"https:\/\/deutsche-kulturgesellschaft-flensburg.de\/?page_id=1126","title":{"rendered":"Mehrtages-KulTouren"},"content":{"rendered":"\n<div class=\"wp-block-columns alignwide is-layout-flex wp-container-core-columns-is-layout-28f84493 wp-block-columns-is-layout-flex\">\n<div class=\"wp-block-column has-background is-layout-flow wp-block-column-is-layout-flow\" style=\"border-radius:25px;background-color:#ffffffab;padding-top:var(--wp--preset--spacing--20);padding-right:var(--wp--preset--spacing--30);padding-bottom:var(--wp--preset--spacing--20);padding-left:var(--wp--preset--spacing--30)\">\n<div style=\"height:10px\" aria-hidden=\"true\" class=\"wp-block-spacer\"><\/div>\n\n\n<h3 class=\"simpletoc-title\">Inhaltsverzeichnis<\/h3>\n<style>html { scroll-behavior: smooth; }<\/style><ul class=\"simpletoc-list\">\n<li><a href=\"#dresden-das-elbflorenz\">Dresden \u2013 das Elbflorenz<\/a>\n\n<\/li>\n<li><a href=\"#lessingstadt-wolfenbuettel\">Lessingstadt Wolfenb\u00fcttel<\/a>\n<\/li><\/ul>\n\n\n<div style=\"height:10px\" aria-hidden=\"true\" class=\"wp-block-spacer\"><\/div>\n\n\n\n<hr class=\"wp-block-separator alignwide has-alpha-channel-opacity is-style-wide\"\/>\n\n\n\n<div style=\"height:10px\" aria-hidden=\"true\" class=\"wp-block-spacer\"><\/div>\n\n\n<h2 class=\"wp-block-heading\" style=\"font-style:normal;font-weight:700\" id=\"dresden-das-elbflorenz\">Dresden \u2013 das Elbflorenz<\/h2>\n\n\n<p style=\"font-size:clamp(0.875rem, 0.875rem + ((1vw - 0.2rem) * 0.708), 1.3rem);font-style:normal;font-weight:700\">Dienstag 16.06.26 &#8211; Sonntag 21.06.26<\/p>\n\n\n\n<p style=\"font-size:clamp(0.875rem, 0.875rem + ((1vw - 0.2rem) * 0.708), 1.3rem);font-style:normal;font-weight:700\">Leitung: Frank Lubowitz<\/p>\n\n\n\n<p style=\"font-size:clamp(0.875rem, 0.875rem + ((1vw - 0.2rem) * 0.708), 1.3rem);font-style:normal;font-weight:700\">Aus den Tr\u00fcmmern des Zweiten Weltkriegs ist das historische Dresden wiederauferstanden ein Besuch lohnt immer wieder. <br>Zentral von unserem Hotel am Altmarkt, fu\u00dfl\u00e4ufig zur Frauenkirche, zum Schloss, zum Zwinger und der Semperoper, erkunden wir das historische Dresden, fahren aber auch per Schiff in den Garten von Schloss Pillnitz und mit dem Bus durch die sehenswerten Vororte. Zum Jagdschloss Moritzburg fahren wir mit einem historischen Dampfzug und besichtigen das Karl-May-Museum in Radebeul.<br>Selbstverst\u00e4ndlich steht auch ein Opernabend in der Semperoper auf dem Programm und bei der Auswahl der Restaurants f\u00fcr das Abendessen hoffen wir ebenfalls Ihren Geschmack getroffen zu haben.<\/p>\n\n\n\n<div class=\"wp-block-columns is-layout-flex wp-container-core-columns-is-layout-28f84493 wp-block-columns-is-layout-flex\">\n<div class=\"wp-block-column is-layout-flow wp-block-column-is-layout-flow\">\n<p style=\"font-size:clamp(0.875rem, 0.875rem + ((1vw - 0.2rem) * 0.708), 1.3rem);font-style:normal;font-weight:700;text-decoration:underline\">Leistungen:<\/p>\n\n\n\n<p style=\"font-size:clamp(0.875rem, 0.875rem + ((1vw - 0.2rem) * 0.708), 1.3rem);font-style:normal;font-weight:700\">Busfahrt<br>Fr\u00fchst\u00fcck bei der Anreise <br>5 \u00dcbernachtungen mit HP <br>Eintritte <br>F\u00fchrungen <br>Reiseleitung<\/p>\n<\/div>\n\n\n\n<div class=\"wp-block-column is-layout-flow wp-block-column-is-layout-flow\">\n<p style=\"font-size:clamp(0.875rem, 0.875rem + ((1vw - 0.2rem) * 0.708), 1.3rem);font-style:normal;font-weight:700;text-decoration:underline\">Abfahrten:<\/p>\n\n\n\n<p style=\"font-size:clamp(0.875rem, 0.875rem + ((1vw - 0.2rem) * 0.708), 1.3rem);font-style:normal;font-weight:700\">Betriebshof Neubauer 06.45 Uhr <br>ZOB 07.00 Uhr<\/p>\n<\/div>\n\n\n\n<div class=\"wp-block-column is-layout-flow wp-block-column-is-layout-flow\">\n<p style=\"font-size:clamp(0.875rem, 0.875rem + ((1vw - 0.2rem) * 0.708), 1.3rem);font-style:normal;font-weight:700;text-decoration:underline\">Preise:<\/p>\n\n\n\n<p style=\"font-size:clamp(0.875rem, 0.875rem + ((1vw - 0.2rem) * 0.708), 1.3rem);font-style:normal;font-weight:700\">ab 25 Personen 1399 \u20ac; <br>ab 30 Personen 1299 \u20ac; <br>EZ-Zuschlag 199 \u20ac<\/p>\n<\/div>\n<\/div>\n\n\n\n<div style=\"height:10px\" aria-hidden=\"true\" class=\"wp-block-spacer\"><\/div>\n\n\n\n<hr class=\"wp-block-separator alignwide has-alpha-channel-opacity is-style-wide\"\/>\n\n\n\n<div style=\"height:10px\" aria-hidden=\"true\" class=\"wp-block-spacer\"><\/div>\n\n\n<h2 class=\"wp-block-heading\" style=\"font-style:normal;font-weight:700\" id=\"lessingstadt-wolfenbuettel\">Lessingstadt Wolfenb\u00fcttel<\/h2>\n\n\n<p style=\"font-size:clamp(0.875rem, 0.875rem + ((1vw - 0.2rem) * 0.708), 1.3rem);font-style:normal;font-weight:700\">Montag 24.5.26 &#8211; Donnerstag 27.08.26<br>Leitung: Frank Lubowitz<\/p>\n\n\n\n<p style=\"font-size:clamp(0.875rem, 0.875rem + ((1vw - 0.2rem) * 0.708), 1.3rem);font-style:normal;font-weight:700\">Bei der Anreise nach Wolfenb\u00fcttel machen wir einen Abstecher in die Stadt Heinrichs des L\u00f6wen nach Braunschweig. In Wolfenb\u00fcttel sind wir in einem sch\u00f6nen Hotel untergebracht und erkunden die Fachwerkstadt weitgehend zu Fu\u00df. Ein H\u00f6hepunkt ist das Wohnhaus von Gotthold Ephraim Lessing, der in Wolfenb\u00fcttel als Bibliothekar wirkte die Herzog-August-Bibliothek ist leider wegen umfangreicher Bauma\u00dfnahmen nicht zug\u00e4nglich.<br>Ein Ausflug f\u00fchrt uns in das idyllische K\u00f6nigslutter, in dessen romanischer Stiftskirche der deutsche Kaiser Lothar von Supplinburg bestattet ist. Gleich nebenan besuchen wir ein ganz besonderes Museum: Das Museum f\u00fcr mechanische Musikinstrumente sehens- und h\u00f6renswert.<br>Die R\u00fcckfahrt f\u00fchrt uns zu den Spuren deutsch-deutscher Geschichte, zur \u201eGedenkst\u00e4tte Deutsche Teilung\u201c am ehemaligen Grenz\u00fcbergang Marienborn.<\/p>\n\n\n\n<div class=\"wp-block-columns is-layout-flex wp-container-core-columns-is-layout-28f84493 wp-block-columns-is-layout-flex\">\n<div class=\"wp-block-column is-layout-flow wp-block-column-is-layout-flow\">\n<p style=\"font-size:clamp(0.875rem, 0.875rem + ((1vw - 0.2rem) * 0.708), 1.3rem);font-style:normal;font-weight:700;text-decoration:underline\">Leistungen:<\/p>\n\n\n\n<p style=\"font-size:clamp(0.875rem, 0.875rem + ((1vw - 0.2rem) * 0.708), 1.3rem);font-style:normal;font-weight:700\">Busfahrt<br>Fr\u00fchst\u00fcck bei der Anreise <br>3 \u00dcbernachtungen mit HP <br>Eintritte <br>F\u00fchrungen <br>Reiseleitung<\/p>\n<\/div>\n\n\n\n<div class=\"wp-block-column is-layout-flow wp-block-column-is-layout-flow\">\n<p style=\"font-size:clamp(0.875rem, 0.875rem + ((1vw - 0.2rem) * 0.708), 1.3rem);font-style:normal;font-weight:700;text-decoration:underline\">Abfahrten:<\/p>\n\n\n\n<p style=\"font-size:clamp(0.875rem, 0.875rem + ((1vw - 0.2rem) * 0.708), 1.3rem);font-style:normal;font-weight:700\">Betriebshof Neubauer 06.45 Uhr <br>ZOB 07.00 Uhr<\/p>\n<\/div>\n\n\n\n<div class=\"wp-block-column is-layout-flow wp-block-column-is-layout-flow\">\n<p style=\"font-size:clamp(0.875rem, 0.875rem + ((1vw - 0.2rem) * 0.708), 1.3rem);font-style:normal;font-weight:700;text-decoration:underline\">Preise:<\/p>\n\n\n\n<p style=\"font-size:clamp(0.875rem, 0.875rem + ((1vw - 0.2rem) * 0.708), 1.3rem);font-style:normal;font-weight:700\">ab 25 Personen 859 \u20ac; <br>ab 30 Personen 799 \u20ac; <br>EZ-Zuschlag 139 \u20ac<\/p>\n<\/div>\n<\/div>\n\n\n\n<div style=\"height:10px\" aria-hidden=\"true\" class=\"wp-block-spacer\"><\/div>\n<\/div>\n<\/div>\n","protected":false},"excerpt":{"rendered":"<p>Dresden \u2013 das Elbflorenz Dienstag 16.06.26 &#8211; Sonntag 21.06.26 Leitung: Frank Lubowitz Aus den Tr\u00fcmmern des Zweiten Weltkriegs ist das historische Dresden wiederauferstanden ein Besuch lohnt immer wieder. Zentral von unserem Hotel am Altmarkt, fu\u00dfl\u00e4ufig zur Frauenkirche, zum Schloss, zum Zwinger und der Semperoper, erkunden wir das historische Dresden, fahren aber auch per Schiff in [&hellip;]<\/p>\n","protected":false},"author":1,"featured_media":0,"parent":616,"menu_order":0,"comment_status":"closed","ping_status":"closed","template":"","meta":{"footnotes":""},"class_list":["post-1126","page","type-page","status-publish","hentry"],"jetpack_sharing_enabled":true,"_links":{"self":[{"href":"https:\/\/deutsche-kulturgesellschaft-flensburg.de\/index.php?rest_route=\/wp\/v2\/pages\/1126","targetHints":{"allow":["GET"]}}],"collection":[{"href":"https:\/\/deutsche-kulturgesellschaft-flensburg.de\/index.php?rest_route=\/wp\/v2\/pages"}],"about":[{"href":"https:\/\/deutsche-kulturgesellschaft-flensburg.de\/index.php?rest_route=\/wp\/v2\/types\/page"}],"author":[{"embeddable":true,"href":"https:\/\/deutsche-kulturgesellschaft-flensburg.de\/index.php?rest_route=\/wp\/v2\/users\/1"}],"replies":[{"embeddable":true,"href":"https:\/\/deutsche-kulturgesellschaft-flensburg.de\/index.php?rest_route=%2Fwp%2Fv2%2Fcomments&post=1126"}],"version-history":[{"count":4,"href":"https:\/\/deutsche-kulturgesellschaft-flensburg.de\/index.php?rest_route=\/wp\/v2\/pages\/1126\/revisions"}],"predecessor-version":[{"id":1139,"href":"https:\/\/deutsche-kulturgesellschaft-flensburg.de\/index.php?rest_route=\/wp\/v2\/pages\/1126\/revisions\/1139"}],"up":[{"embeddable":true,"href":"https:\/\/deutsche-kulturgesellschaft-flensburg.de\/index.php?rest_route=\/wp\/v2\/pages\/616"}],"wp:attachment":[{"href":"https:\/\/deutsche-kulturgesellschaft-flensburg.de\/index.php?rest_route=%2Fwp%2Fv2%2Fmedia&parent=1126"}],"curies":[{"name":"wp","href":"https:\/\/api.w.org\/{rel}","templated":true}]}}