{"id":1124,"date":"2026-04-10T19:55:51","date_gmt":"2026-04-10T19:55:51","guid":{"rendered":"https:\/\/deutsche-kulturgesellschaft-flensburg.de\/?page_id=1124"},"modified":"2026-04-10T21:01:11","modified_gmt":"2026-04-10T21:01:11","slug":"halbtages-kultouren","status":"publish","type":"page","link":"https:\/\/deutsche-kulturgesellschaft-flensburg.de\/?page_id=1124","title":{"rendered":"Halbtages-KulTouren"},"content":{"rendered":"\n<div class=\"wp-block-columns alignwide is-layout-flex wp-container-core-columns-is-layout-28f84493 wp-block-columns-is-layout-flex\">\n<div class=\"wp-block-column has-background is-layout-flow wp-block-column-is-layout-flow\" style=\"border-radius:25px;background-color:#ffffffab;padding-top:var(--wp--preset--spacing--20);padding-right:var(--wp--preset--spacing--30);padding-bottom:var(--wp--preset--spacing--20);padding-left:var(--wp--preset--spacing--30)\">\n<div style=\"height:10px\" aria-hidden=\"true\" class=\"wp-block-spacer\"><\/div>\n\n\n<h3 class=\"simpletoc-title\">Inhaltsverzeichnis<\/h3>\n<style>html { scroll-behavior: smooth; }<\/style><ul class=\"simpletoc-list\">\n<li><a href=\"#louisenlund-von-der-fuerstlichen-sommerresidenz-zur-internatsschule\">Louisenlund &#8211; Von der f\u00fcrstlichen Sommerresidenz zur Internatsschule<\/a>\n\n<\/li>\n<li><a href=\"#neues-und-altes-in-und-um-flensburg\">Neues und Altes in und um Flensburg<\/a>\n\n<\/li>\n<li><a href=\"#besuch-des-wikingermuseums-haithabu\">Besuch des Wikingermuseums Haithabu<\/a>\n\n<\/li>\n<li><a href=\"#besuch-der-silberwarenmanufaktur-robbe-amp-berking\">Besuch der Silberwarenmanufaktur Robbe &amp; Berking<\/a>\n<\/li><\/ul>\n\n\n<div style=\"height:10px\" aria-hidden=\"true\" class=\"wp-block-spacer\"><\/div>\n\n\n\n<hr class=\"wp-block-separator alignwide has-alpha-channel-opacity is-style-wide\"\/>\n\n\n\n<div style=\"height:10px\" aria-hidden=\"true\" class=\"wp-block-spacer\"><\/div>\n\n\n<h2 class=\"wp-block-heading\" style=\"font-style:normal;font-weight:700\" id=\"louisenlund-von-der-fuerstlichen-sommerresidenz-zur-internatsschule\">Louisenlund &#8211; Von der f\u00fcrstlichen Sommerresidenz zur Internatsschule<\/h2>\n\n\n<p style=\"font-size:clamp(0.875rem, 0.875rem + ((1vw - 0.2rem) * 0.708), 1.3rem);font-style:normal;font-weight:700\">Donnerstag 11.06.26<br>Leitung: Frank Lubowitz<\/p>\n\n\n\n<p style=\"font-size:clamp(0.875rem, 0.875rem + ((1vw - 0.2rem) * 0.708), 1.3rem);font-style:normal;font-weight:700\">Idyllisch als Sommerresidenz, umgeben von einem englischen Landschaftsgarten, lie\u00df der Statthalter und Schwiegersohn des d\u00e4nischen K\u00f6nigs f\u00fcr die Herzogt\u00fcmer, Carl von Hessen-Kassel, das Schloss Louisenlund 1770 erbauen und sp\u00e4ter mehrfach erweitern. Das nahe der Schlei gelegene Schloss schaut auf eine wechselvolle Geschichte zur\u00fcck.<br>Dazu geh\u00f6rt zweifelsohne, dass Carl von Hessen im Park und in verschiedenen Geb\u00e4uden Zeichen seiner freimaurerischen Besch\u00e4ftigung hinterlassen hat.<br>Sp\u00e4ter kam Louisenlund durch Heirat in den Besitz der j\u00fcngeren Linie der Herz\u00f6ge zu Schleswig-Holstein-Sonderburg-Gl\u00fccksburg.<br>Herzog Friedrich brachte Louisenlund 1949 in eine Stiftung ein, die heute Tr\u00e4gerin der Schule und des Internats ist, und ein Mitglied der herzoglichen Familie steht dem Stiftungsvorstand vor.<br>Auf Louisenlund werden wir von einem Lehrer des Internats \u00fcber die Geschichte und Gegenwart unterrichtet und von der \u201eBegr\u00fc\u00dfungsgilde\u201c der Internatssch\u00fcler im Schloss und im Park gef\u00fchrt. Bitte richten Sie sich auf einen kleinen Spaziergang auch im Freien ein.<\/p>\n\n\n\n<p style=\"font-size:clamp(0.875rem, 0.875rem + ((1vw - 0.2rem) * 0.708), 1.3rem);font-style:normal;font-weight:700\">Leistungen: Busfahrt, Vortrag und F\u00fchrung, Kaffee, Reiseleitung.<br>Abfahrten: Betriebshof Neubauer: 13.00 Uhr, ZOB: 13.15 Uhr<br>R\u00fcckkehr: ca. 18.00 Uhr<br>Preis: 51 Euro<\/p>\n\n\n\n<div style=\"height:10px\" aria-hidden=\"true\" class=\"wp-block-spacer\"><\/div>\n\n\n\n<hr class=\"wp-block-separator alignwide has-alpha-channel-opacity is-style-wide\"\/>\n\n\n\n<div style=\"height:10px\" aria-hidden=\"true\" class=\"wp-block-spacer\"><\/div>\n\n\n<h2 class=\"wp-block-heading\" style=\"font-style:normal;font-weight:700\" id=\"neues-und-altes-in-und-um-flensburg\">Neues und Altes in und um Flensburg<\/h2>\n\n\n<p style=\"font-size:clamp(0.875rem, 0.875rem + ((1vw - 0.2rem) * 0.708), 1.3rem);font-style:normal;font-weight:700\">Mittwoch 05.08.26<br>Leitung: Hans-Friedrich Kroll<\/p>\n\n\n\n<p style=\"font-size:clamp(0.875rem, 0.875rem + ((1vw - 0.2rem) * 0.708), 1.3rem);font-style:normal;font-weight:700\">Alle diejenigen, die glauben, ihre Heimatstadt Flensburg gut zu kennen, sind immer wieder \u00fcberrascht, was Herr Kroll bei seinen informativen Fahrten Neues zu berichten hat. Auch in diesem Jahr ist wieder eine Fahrt durch Flensburg mit kleinen Ausstiegen vorgesehen. <br>Eine Mittagspause auf eigene Kosten ist wie immer eingeplant.<\/p>\n\n\n\n<p style=\"font-size:clamp(0.875rem, 0.875rem + ((1vw - 0.2rem) * 0.708), 1.3rem);font-style:normal;font-weight:700\">Leistungen: <br>Busfahrt und F\u00fchrung (Mittagessen auf eigene Kosten).<br>Abfahrt:&nbsp;Betriebshof Neubauer: 09.30 Uhr, ZOB: 09.45 Uhr<br>R\u00fcckkehr: ca. 16.00 Uhr<br>Preis: 39,50 Euro<\/p>\n\n\n\n<div style=\"height:10px\" aria-hidden=\"true\" class=\"wp-block-spacer\"><\/div>\n\n\n\n<hr class=\"wp-block-separator alignwide has-alpha-channel-opacity is-style-wide\"\/>\n\n\n\n<div style=\"height:10px\" aria-hidden=\"true\" class=\"wp-block-spacer\"><\/div>\n\n\n<h2 class=\"wp-block-heading\" style=\"font-style:normal;font-weight:700\" id=\"besuch-des-wikingermuseums-haithabu\">Besuch des Wikingermuseums Haithabu<\/h2>\n\n\n<p style=\"font-size:clamp(0.875rem, 0.875rem + ((1vw - 0.2rem) * 0.708), 1.3rem);font-style:normal;font-weight:700\">Freitag 17.07.26<br>Leitung: Frank Lubowitz<\/p>\n\n\n\n<p style=\"font-size:clamp(0.875rem, 0.875rem + ((1vw - 0.2rem) * 0.708), 1.3rem);font-style:normal;font-weight:700\">Der wikingerzeitliche Handelsort Haithabu geh\u00f6rt zusammen mit dem Danewerk zu den bedeutendsten arch\u00e4ologischen Fundst\u00e4tten unseres Landes. Vor einigen Jahren wurde die Ausstellung in dem 1985 er\u00f6ffneten Museum neu aufgestellt. Nach einer F\u00fchrung durch das Museum besteht die Gelegenheit, sich die Exponate genauer anzuschauen oder einen Spaziergang zu den am Originalort errichten Handwerkerh\u00e4usern innerhalb des Halbkreiswalls zu machen. Anschlie\u00dfend gibt es zur St\u00e4rkung vor der R\u00fcckfahrt Kaffee und Kuchen.<\/p>\n\n\n\n<p style=\"font-size:clamp(0.875rem, 0.875rem + ((1vw - 0.2rem) * 0.708), 1.3rem);font-style:normal;font-weight:700\">Leistungen: <br>Busfahrt, F\u00fchrung, Kaffee, Reiseleitung.<br>Abfahrt:&nbsp; Betriebshof Neubauer 12.00 Uhr, ZOB: 12.15 Uhr<br>R\u00fcckkehr: ca. 18.30 Uhr<br>Preis: 68,50 Euro<\/p>\n\n\n\n<div style=\"height:10px\" aria-hidden=\"true\" class=\"wp-block-spacer\"><\/div>\n\n\n\n<hr class=\"wp-block-separator alignwide has-alpha-channel-opacity is-style-wide\"\/>\n\n\n\n<div style=\"height:10px\" aria-hidden=\"true\" class=\"wp-block-spacer\"><\/div>\n\n\n<h2 class=\"wp-block-heading\" style=\"font-style:normal;font-weight:700\" id=\"besuch-der-silberwarenmanufaktur-robbe-amp-berking\">Besuch der Silberwarenmanufaktur Robbe &amp; Berking<\/h2>\n\n\n<p style=\"font-size:clamp(0.875rem, 0.875rem + ((1vw - 0.2rem) * 0.708), 1.3rem);font-style:normal;font-weight:700\">Dienstag 01.09.26<br>Leitung: Frank Lubowitz<\/p>\n\n\n\n<p style=\"font-size:clamp(0.875rem, 0.875rem + ((1vw - 0.2rem) * 0.708), 1.3rem);font-style:normal;font-weight:700\">Wie schon in den vergangenen Jahren bietet die Deutsche Kulturgesellschaft auch in diesem Jahr eine Besichtigung ohne Bus bei eigener Anreise der Teilnehmer mit dem PKW oder dem \u00d6PNV an. Es ist uns gelungen, einen Besichtigungstermin bei der bedeutenden und seit Generationen in Flensburg beheimateten Silberwarenmanufaktur Robbe &amp; Berking zu bekommen. Den Arbeitsabl\u00e4ufen angepasst findet diese Besichtigung am Vormittag statt und ist in der Teilnehmerzahl streng begrenzt, um die Arbeitsabl\u00e4ufe nicht zu st\u00f6ren. Nach der F\u00fchrung bietet Robbe &amp; Berking Kaffee an.<\/p>\n\n\n\n<p style=\"font-size:clamp(0.875rem, 0.875rem + ((1vw - 0.2rem) * 0.708), 1.3rem);font-style:normal;font-weight:700\">Die Teilnehmerzahl ist auf 15 Personen begrenzt.<\/p>\n\n\n\n<p style=\"font-size:clamp(0.875rem, 0.875rem + ((1vw - 0.2rem) * 0.708), 1.3rem);font-style:normal;font-weight:700\">Leistungen: <br>(bei eigener Anreise) Besichtigung und F\u00fchrung, Kaffee.<br>Abfahrt:&nbsp;: Robbe &amp; Berking, Zur Bleiche 47, 24941 Flensburg 09.15 \u2013 ca. 12.00<br>R\u00fcckkehr: eigene Abreise<br>Preis: 25 Euro<\/p>\n\n\n\n<div style=\"height:10px\" aria-hidden=\"true\" class=\"wp-block-spacer\"><\/div>\n<\/div>\n<\/div>\n","protected":false},"excerpt":{"rendered":"<p>Louisenlund &#8211; Von der f\u00fcrstlichen Sommerresidenz zur Internatsschule Donnerstag 11.06.26Leitung: Frank Lubowitz Idyllisch als Sommerresidenz, umgeben von einem englischen Landschaftsgarten, lie\u00df der Statthalter und Schwiegersohn des d\u00e4nischen K\u00f6nigs f\u00fcr die Herzogt\u00fcmer, Carl von Hessen-Kassel, das Schloss Louisenlund 1770 erbauen und sp\u00e4ter mehrfach erweitern. Das nahe der Schlei gelegene Schloss schaut auf eine wechselvolle Geschichte zur\u00fcck.Dazu [&hellip;]<\/p>\n","protected":false},"author":1,"featured_media":0,"parent":616,"menu_order":0,"comment_status":"closed","ping_status":"closed","template":"","meta":{"footnotes":""},"class_list":["post-1124","page","type-page","status-publish","hentry"],"jetpack_sharing_enabled":true,"_links":{"self":[{"href":"https:\/\/deutsche-kulturgesellschaft-flensburg.de\/index.php?rest_route=\/wp\/v2\/pages\/1124","targetHints":{"allow":["GET"]}}],"collection":[{"href":"https:\/\/deutsche-kulturgesellschaft-flensburg.de\/index.php?rest_route=\/wp\/v2\/pages"}],"about":[{"href":"https:\/\/deutsche-kulturgesellschaft-flensburg.de\/index.php?rest_route=\/wp\/v2\/types\/page"}],"author":[{"embeddable":true,"href":"https:\/\/deutsche-kulturgesellschaft-flensburg.de\/index.php?rest_route=\/wp\/v2\/users\/1"}],"replies":[{"embeddable":true,"href":"https:\/\/deutsche-kulturgesellschaft-flensburg.de\/index.php?rest_route=%2Fwp%2Fv2%2Fcomments&post=1124"}],"version-history":[{"count":3,"href":"https:\/\/deutsche-kulturgesellschaft-flensburg.de\/index.php?rest_route=\/wp\/v2\/pages\/1124\/revisions"}],"predecessor-version":[{"id":1142,"href":"https:\/\/deutsche-kulturgesellschaft-flensburg.de\/index.php?rest_route=\/wp\/v2\/pages\/1124\/revisions\/1142"}],"up":[{"embeddable":true,"href":"https:\/\/deutsche-kulturgesellschaft-flensburg.de\/index.php?rest_route=\/wp\/v2\/pages\/616"}],"wp:attachment":[{"href":"https:\/\/deutsche-kulturgesellschaft-flensburg.de\/index.php?rest_route=%2Fwp%2Fv2%2Fmedia&parent=1124"}],"curies":[{"name":"wp","href":"https:\/\/api.w.org\/{rel}","templated":true}]}}