{"id":1122,"date":"2026-04-10T19:55:31","date_gmt":"2026-04-10T19:55:31","guid":{"rendered":"https:\/\/deutsche-kulturgesellschaft-flensburg.de\/?page_id=1122"},"modified":"2026-04-10T21:00:09","modified_gmt":"2026-04-10T21:00:09","slug":"tages-kultouren","status":"publish","type":"page","link":"https:\/\/deutsche-kulturgesellschaft-flensburg.de\/?page_id=1122","title":{"rendered":"Tages-KulTouren"},"content":{"rendered":"\n<div class=\"wp-block-columns alignwide is-layout-flex wp-container-core-columns-is-layout-28f84493 wp-block-columns-is-layout-flex\">\n<div class=\"wp-block-column has-background is-layout-flow wp-block-column-is-layout-flow\" style=\"border-radius:25px;background-color:#ffffffab;padding-top:var(--wp--preset--spacing--20);padding-right:var(--wp--preset--spacing--30);padding-bottom:var(--wp--preset--spacing--20);padding-left:var(--wp--preset--spacing--30)\">\n<div style=\"height:10px\" aria-hidden=\"true\" class=\"wp-block-spacer\"><\/div>\n\n\n<h3 class=\"simpletoc-title\">Inhaltsverzeichnis<\/h3>\n<style>html { scroll-behavior: smooth; }<\/style><ul class=\"simpletoc-list\">\n<li><a href=\"#eine-fahrt-in-die-hamburger-kammeroper\">Eine Fahrt in die Hamburger Kammeroper<\/a>\n\n<\/li>\n<li><a href=\"#besuch-der-musikhochschule-luebeck\">Besuch der Musikhochschule L\u00fcbeck<\/a>\n\n<\/li>\n<li><a href=\"#fahrt-zur-nordart-in-buedelsdorf\">Fahrt zur NordArt in B\u00fcdelsdorf<\/a>\n\n<\/li>\n<li><a href=\"#fahrt-zum-noldemuseum-seebuell-und-orgelkonzert-in-langenhorn\">Fahrt zum Nolde-Museum Seeb\u00fcll und Orgelkonzert in Langenhorn<\/a>\n\n<\/li>\n<li><a href=\"#daenisches-frokost-und-weinprobe-auf-der-insel-aaro\">D\u00e4nisches Frokost und Weinprobe auf der Insel Aar\u00f8<\/a>\n<\/li><\/ul>\n\n\n<div style=\"height:10px\" aria-hidden=\"true\" class=\"wp-block-spacer\"><\/div>\n\n\n\n<hr class=\"wp-block-separator alignwide has-alpha-channel-opacity is-style-wide\"\/>\n\n\n\n<div style=\"height:10px\" aria-hidden=\"true\" class=\"wp-block-spacer\"><\/div>\n\n\n<h2 class=\"wp-block-heading\" style=\"font-style:normal;font-weight:700\" id=\"eine-fahrt-in-die-hamburger-kammeroper\">Eine Fahrt in die Hamburger Kammeroper<\/h2>\n\n\n<p style=\"font-size:clamp(0.875rem, 0.875rem + ((1vw - 0.2rem) * 0.708), 1.3rem);font-style:normal;font-weight:700\">Sonntag 31.05.26<br>Leitung: Frank Lubowitz<\/p>\n\n\n\n<p style=\"font-size:clamp(0.875rem, 0.875rem + ((1vw - 0.2rem) * 0.708), 1.3rem);font-style:normal;font-weight:700\">Die Hamburger Kammeroper ist auch in diesem Jahr eines der ersten Ziele der KulTouren der Deutschen Kulturgesellschaft viele Mitglieder warten jedes Jahr auf diesen Programmpunkt.<br>Diesmal besuchen vor dem Opernabend den Flakbunker auf dem Heilig-Geist-Feld, der zu einer touristischen Attraktion geworden ist, seit er um mehrere Stockwerke f\u00fcr ein Hotel und ein Restaurant erh\u00f6ht und begr\u00fcnt worden ist. Keine Sorge, wir fahren mit dem Aufzug. Zun\u00e4chst werden wir in einem Vortrag mit der Geschichte des Bunkers vertraut gemacht, um danach in der Bar \u201eKaro &amp; Paul\u201c Kaffee und Kuchen zu bekommen. Bis zur obersten Ebene sind es dann nur noch zwei Treppen oder eine kurze Fahrt mit dem Aufzug. Die Aussicht lohnt sich!<br>Beim Opernmen\u00fc sind dann\u00a0wie in jedem Jahr die Getr\u00e4nke, der Aperitif, Wasser, Rotwein, Wei\u00dfwein und der Kaffee zum Abschluss inklusive. Auf dem Programm steht ein f\u00fcr die kleine B\u00fchne der Hamburger Kammeroper adaptierte Fassung der Oper Hoffmanns Erz\u00e4hlungen \u2013 man darf gespannt sein.<\/p>\n\n\n\n<p style=\"font-size:clamp(0.875rem, 0.875rem + ((1vw - 0.2rem) * 0.708), 1.3rem);font-style:normal;font-weight:700\">Leistungen: <br>Busfahrt, Besuch und F\u00fchrung im ehemaligen Flakbunker auf dem Heilig-Geist-Feld, Kaffeetrinken, Operneintritt und Opernmen\u00fc inkl. Getr\u00e4nke, Reiseleitung.<br>Abfahrten: Betriebshof Neubauer: 10.45 Uhr, ZOB: 11.00 Uhr<br>R\u00fcckkehr: ca. 24.00 Uhr<br>Preis: 198,50 Euro<\/p>\n\n\n\n<div style=\"height:10px\" aria-hidden=\"true\" class=\"wp-block-spacer\"><\/div>\n\n\n\n<hr class=\"wp-block-separator alignwide has-alpha-channel-opacity is-style-wide\"\/>\n\n\n\n<div style=\"height:10px\" aria-hidden=\"true\" class=\"wp-block-spacer\"><\/div>\n\n\n<h2 class=\"wp-block-heading\" style=\"font-style:normal;font-weight:700\" id=\"besuch-der-musikhochschule-luebeck\">Besuch der Musikhochschule L\u00fcbeck<\/h2>\n\n\n<p style=\"font-size:clamp(0.875rem, 0.875rem + ((1vw - 0.2rem) * 0.708), 1.3rem);font-style:normal;font-weight:700\">Dienstag 30.06.26<br>Leitung: Helga Sorgalla<\/p>\n\n\n\n<p style=\"font-size:clamp(0.875rem, 0.875rem + ((1vw - 0.2rem) * 0.708), 1.3rem);font-style:normal;font-weight:700\">Am 30. Juni 2026 \u00f6ffnet die Musikhochschule L\u00fcbeck (MHL) f\u00fcr uns ihre T\u00fcren.<br>Die MHL erstreckt sich \u00fcber 22 Geb\u00e4ude im Herzen der Altstadt von L\u00fcbeck. Orte an denen Geschichte, Architektur und Musik aufeinandertreffen. Hier studieren \u00fcber 500 junge Musiker*innen aus rund 50 Nationen Musikwirtschaft, Musiktheorie und-p\u00e4dagogik f\u00fcr B\u00fchne, Orchester, Kirche und Lehramt.<br>Innen sind die Wege so verschlungen, da\u00df selbst langj\u00e4hrige Mitarbeiter gelegentlich \u00fcber die g\u00fcnstigste Strecke von A nach B nachdenken m\u00fcssen. Trittsicherheit und festes Schuhwerk sind daher nicht verkehrt.<br>Wir werden zu einer F\u00fchrung durch die R\u00e4umlichkeiten erwartet. Im Anschlu\u00df daran haben wir die Gelegenheit uns von dem K\u00f6nnen der Studierenden w\u00e4hrend einer Musizierstunde zu \u00fcberzeugen.<br><br>Die Teilnehmerzahl ist auf 30 Personen begrenzt.<\/p>\n\n\n\n<p style=\"font-size:clamp(0.875rem, 0.875rem + ((1vw - 0.2rem) * 0.708), 1.3rem);font-style:normal;font-weight:700\">Leistungen: <br>Busfahrt, Mittagessen, Eintritt, Reiseleitung.<br>Abfahrt:&nbsp; Betriebshof Neubauer: 09.15 Uhr, ZOB: 09.30 Uhr<br>R\u00fcckkehr: ca. 20.30 Uhr<br>Preis: 85,50 Euro<\/p>\n\n\n\n<div style=\"height:10px\" aria-hidden=\"true\" class=\"wp-block-spacer\"><\/div>\n\n\n\n<hr class=\"wp-block-separator alignwide has-alpha-channel-opacity is-style-wide\"\/>\n\n\n\n<div style=\"height:10px\" aria-hidden=\"true\" class=\"wp-block-spacer\"><\/div>\n\n\n<h2 class=\"wp-block-heading\" style=\"font-style:normal;font-weight:700\" id=\"fahrt-zur-nordart-in-buedelsdorf\">Fahrt zur NordArt in B\u00fcdelsdorf<\/h2>\n\n\n<p style=\"font-size:clamp(0.875rem, 0.875rem + ((1vw - 0.2rem) * 0.708), 1.3rem);font-style:normal;font-weight:700\">Freitag 17.07.26<br>Leitung: Helga Sorgalla<\/p>\n\n\n\n<p style=\"font-size:clamp(0.875rem, 0.875rem + ((1vw - 0.2rem) * 0.708), 1.3rem);font-style:normal;font-weight:700\">Auf dem Gel\u00e4nde der historischen Eisengie\u00dferei Carlsh\u00fctte findet in diesem Jahr bereits die 26. NordArt statt. Sie ist eine der gr\u00f6\u00dften j\u00e4hrlichen Ausstellungen in Europa mit Sonderprojekten und ausgew\u00e4hlten Werken von 200 K\u00fcnstlern und K\u00fcnstlerinnen, die gemeinsam die Geschichte unserer Zeit erz\u00e4hlen.<br>Die Kunsthistorikerin Almut Rix wird uns auch in diesem Jahr durch den Skulpturenpark und die Hallen f\u00fchren. Danach bleibt noch gen\u00fcgend Zeit, auf eigene Erkundungen zu gehen oder das Eisenkunstgussmuseum, nur wenige Schritte entfernt auf der anderen Stra\u00dfenseite, zu besuchen.<\/p>\n\n\n\n<p style=\"font-size:clamp(0.875rem, 0.875rem + ((1vw - 0.2rem) * 0.708), 1.3rem);font-style:normal;font-weight:700\">Leistungen: <br>Busfahrt, Eintritt, F\u00fchrung, Kaffee, Reiseleitung.<br>Abfahrt:&nbsp; Betriebshof Neubauer: 09.15 Uhr, ZOB: 09.30 Uhr<br>R\u00fcckkehr: ca. 18.30 Uhr<br>Preis: 83,00 Euro<\/p>\n\n\n\n<div style=\"height:10px\" aria-hidden=\"true\" class=\"wp-block-spacer\"><\/div>\n\n\n\n<hr class=\"wp-block-separator alignwide has-alpha-channel-opacity is-style-wide\"\/>\n\n\n\n<div style=\"height:10px\" aria-hidden=\"true\" class=\"wp-block-spacer\"><\/div>\n\n\n<h2 class=\"wp-block-heading\" style=\"font-style:normal;font-weight:700\" id=\"fahrt-zum-noldemuseum-seebuell-und-orgelkonzert-in-langenhorn\">Fahrt zum Nolde-Museum Seeb\u00fcll und Orgelkonzert in Langenhorn<\/h2>\n\n\n<p style=\"font-size:clamp(0.875rem, 0.875rem + ((1vw - 0.2rem) * 0.708), 1.3rem);font-style:normal;font-weight:700\">Dienstag 21.07.26<br>Leitung: Gilda Friede<\/p>\n\n\n\n<p style=\"font-size:clamp(0.875rem, 0.875rem + ((1vw - 0.2rem) * 0.708), 1.3rem);font-style:normal;font-weight:700\">Die Deutsche Kulturgesellschaft freut sich, dass unsere langj\u00e4hrige Gesch\u00e4ftsf\u00fchrerin Gilda Friede die Tradition der Fahrten zum Noldemuseum und zum Orgelkonzert in der Kirche von Langenhorn fortsetzt. Nach einer F\u00fchrung durch die Jahresaussstellung 2026 bleibt Zeit, in den R\u00e4umen zu verweilen und die Bilder auf sich wirken zu lassen oder den von Nolde angelegten Garten zu erkunden. Anschlie\u00dfend geht die Fahrt nach einem Abendessen nach Langenhorn, wo bei einem Konzert&nbsp; im Rahmen des Langenhorner Orgelsommers in der St. Laurentius-Kirche Pl\u00e4tze f\u00fcr die Deutsche Kulturgesellschaft reserviert sind. Wir h\u00f6ren das Svyati-Duo bestehend aus Rebecca Hepplewhite am Cello und Julian Collings an der historischen Busch-Paschen-Orgel.<\/p>\n\n\n\n<p style=\"font-size:clamp(0.875rem, 0.875rem + ((1vw - 0.2rem) * 0.708), 1.3rem);font-style:normal;font-weight:700\">Leistungen: <br>Busfahrt, Eintritt und F\u00fchrung im Nolde-Museum, Abendessen, Orgelkonzert, Reiseleitung.<br>Abfahrt:&nbsp;Betriebshof Neubauer: 12.15 Uhr, ZOB: 12.30 Uhr<br>R\u00fcckkehr: ca. 22.30 Uhr<br>Preis: 92,50 Euro<\/p>\n\n\n\n<div style=\"height:10px\" aria-hidden=\"true\" class=\"wp-block-spacer\"><\/div>\n\n\n\n<hr class=\"wp-block-separator alignwide has-alpha-channel-opacity is-style-wide\"\/>\n\n\n\n<div style=\"height:10px\" aria-hidden=\"true\" class=\"wp-block-spacer\"><\/div>\n\n\n<h2 class=\"wp-block-heading\" style=\"font-style:normal;font-weight:700\" id=\"daenisches-frokost-und-weinprobe-auf-der-insel-aaro\">D\u00e4nisches Frokost und Weinprobe auf der Insel Aar\u00f8<\/h2>\n\n\n<p style=\"font-size:clamp(0.875rem, 0.875rem + ((1vw - 0.2rem) * 0.708), 1.3rem);font-style:normal;font-weight:700\">Freitag 31.07.26<br>Leitung: Dorothea K\u00fchn und Inge Marie Kr\u00e4mer<\/p>\n\n\n\n<p style=\"font-size:clamp(0.875rem, 0.875rem + ((1vw - 0.2rem) * 0.708), 1.3rem);font-style:normal;font-weight:700\">Dies ist ein ganz besonderer Ausflug: Wir besuchen die Insel Aar\u00f8, nord\u00f6stlich von Hadersleben, auf der sich das wohl n\u00f6rdlichste Weingut Europas befindet. Mit dem Bus geht es von Flensburg nach Aar\u00f8sund, von wo aus wir mit der F\u00e4hre nach Aar\u00f8 \u00fcbersetzen. Der Traktorbus \u201eAar\u00f8s Perle\u201c f\u00e4hrt uns zum Aar\u00f8 Vingaard, wo uns ein Mittagessen \u2013 d\u00e4nisches Sm\u00f8rrebr\u00f8d \u2013 serviert wird. Anschlie\u00dfend geht es mit Aar\u00f8s Perle auf Rundfahrt \u00fcber die Insel. Danach kehren wir auf das Weingut zur\u00fcck und erhalten dort im Rahmen eines Vortrags Einblick in die besonderen Bedingungen, die Weinbau auf Aar\u00f8 m\u00f6glich machen und selbstverst\u00e4ndlich verkosten wir die dort angebauten Weine. Abschlie\u00dfend gibt es noch Pfannkuchen mit Eiscreme und Kaffee, ehe wir uns auf den R\u00fcckweg zum Hafen machen (mit Aar\u00f8s Perle oder 800 m zu Fu\u00df).<br>Bitte beachten Sie, das Arrangement auf dem Weingut kann nicht in einer alkoholfreien Variante angeboten werden, die Weinprobe ist Teil des Arrangements. Wasser bei Tisch ist selbstverst\u00e4ndlich.<\/p>\n\n\n\n<p style=\"font-size:clamp(0.875rem, 0.875rem + ((1vw - 0.2rem) * 0.708), 1.3rem);font-style:normal;font-weight:700\">Leistungen: <br>BBusfahrt, F\u00e4hre, d\u00e4nische Frokost, Inselrundfahrt, Vortrag und Weinprobe, Kaffee und Pfannkuchen, Reiseleitung.<br>Abfahrt:&nbsp;Betriebshof Neubauer 08.15 Uhr, ZOB: 08.30 Uhr<br>R\u00fcckkehr in Flensburg ca. 19.30 Uhr<br>Preis: 148,50 Euro<\/p>\n\n\n\n<div style=\"height:10px\" aria-hidden=\"true\" class=\"wp-block-spacer\"><\/div>\n<\/div>\n<\/div>\n","protected":false},"excerpt":{"rendered":"<p>Eine Fahrt in die Hamburger Kammeroper Sonntag 31.05.26Leitung: Frank Lubowitz Die Hamburger Kammeroper ist auch in diesem Jahr eines der ersten Ziele der KulTouren der Deutschen Kulturgesellschaft viele Mitglieder warten jedes Jahr auf diesen Programmpunkt.Diesmal besuchen vor dem Opernabend den Flakbunker auf dem Heilig-Geist-Feld, der zu einer touristischen Attraktion geworden ist, seit er um mehrere [&hellip;]<\/p>\n","protected":false},"author":1,"featured_media":0,"parent":616,"menu_order":0,"comment_status":"closed","ping_status":"closed","template":"","meta":{"footnotes":""},"class_list":["post-1122","page","type-page","status-publish","hentry"],"jetpack_sharing_enabled":true,"_links":{"self":[{"href":"https:\/\/deutsche-kulturgesellschaft-flensburg.de\/index.php?rest_route=\/wp\/v2\/pages\/1122","targetHints":{"allow":["GET"]}}],"collection":[{"href":"https:\/\/deutsche-kulturgesellschaft-flensburg.de\/index.php?rest_route=\/wp\/v2\/pages"}],"about":[{"href":"https:\/\/deutsche-kulturgesellschaft-flensburg.de\/index.php?rest_route=\/wp\/v2\/types\/page"}],"author":[{"embeddable":true,"href":"https:\/\/deutsche-kulturgesellschaft-flensburg.de\/index.php?rest_route=\/wp\/v2\/users\/1"}],"replies":[{"embeddable":true,"href":"https:\/\/deutsche-kulturgesellschaft-flensburg.de\/index.php?rest_route=%2Fwp%2Fv2%2Fcomments&post=1122"}],"version-history":[{"count":3,"href":"https:\/\/deutsche-kulturgesellschaft-flensburg.de\/index.php?rest_route=\/wp\/v2\/pages\/1122\/revisions"}],"predecessor-version":[{"id":1141,"href":"https:\/\/deutsche-kulturgesellschaft-flensburg.de\/index.php?rest_route=\/wp\/v2\/pages\/1122\/revisions\/1141"}],"up":[{"embeddable":true,"href":"https:\/\/deutsche-kulturgesellschaft-flensburg.de\/index.php?rest_route=\/wp\/v2\/pages\/616"}],"wp:attachment":[{"href":"https:\/\/deutsche-kulturgesellschaft-flensburg.de\/index.php?rest_route=%2Fwp%2Fv2%2Fmedia&parent=1122"}],"curies":[{"name":"wp","href":"https:\/\/api.w.org\/{rel}","templated":true}]}}